{"id":8531,"date":"2024-02-06T06:12:32","date_gmt":"2024-02-06T06:12:32","guid":{"rendered":"https:\/\/montrealrealtyaok.com\/accueil\/"},"modified":"2026-04-06T14:07:02","modified_gmt":"2026-04-06T14:07:02","slug":"accueil","status":"publish","type":"page","link":"https:\/\/montrealrealtyaok.com\/fr\/","title":{"rendered":"Montreal Realty aok"},"content":{"rendered":"<p><div class=\"fusion-fullwidth fullwidth-box fusion-builder-row-1 fusion-flex-container has-pattern-background has-mask-background nonhundred-percent-fullwidth non-hundred-percent-height-scrolling\" style=\"--awb-border-radius-top-left:0px;--awb-border-radius-top-right:0px;--awb-border-radius-bottom-right:0px;--awb-border-radius-bottom-left:0px;--awb-padding-top:98px;--awb-flex-wrap:wrap;\" ><div class=\"fusion-builder-row fusion-row fusion-flex-align-items-flex-start fusion-flex-content-wrap\" style=\"max-width:1248px;margin-left: calc(-4% \/ 2 );margin-right: calc(-4% \/ 2 );\"><div class=\"fusion-layout-column fusion_builder_column fusion-builder-column-0 fusion_builder_column_1_2 1_2 fusion-flex-column\" style=\"--awb-bg-size:cover;--awb-width-large:50%;--awb-margin-top-large:16px;--awb-spacing-right-large:3.84%;--awb-margin-bottom-large:16px;--awb-spacing-left-large:3.84%;--awb-width-medium:50%;--awb-order-medium:0;--awb-spacing-right-medium:3.84%;--awb-spacing-left-medium:3.84%;--awb-width-small:100%;--awb-order-small:0;--awb-spacing-right-small:1.92%;--awb-spacing-left-small:1.92%;\"><div class=\"fusion-column-wrapper fusion-column-has-shadow fusion-flex-justify-content-flex-start fusion-content-layout-column\"><div class=\"fusion-title title fusion-title-1 fusion-sep-none fusion-title-text fusion-title-size-one\"><h1 class=\"fusion-title-heading title-heading-left fusion-responsive-typography-calculated\" style=\"margin:0;--fontSize:60;line-height:var(--awb-typography1-line-height);\">Arnaud Kuyumcu<\/h1><\/div><div class=\"fusion-text fusion-text-1\"><p><em><a href=\"https:\/\/montrealrealtyaok.com\/fr\/avantages-courtier-immobilier-vendre-maison\/\">Courtier immobilier<\/a><\/em><\/p>\n<\/div><div class=\"fusion-text fusion-text-2 fusion-text-no-margin\" style=\"--awb-font-size:20px;--awb-text-color:var(--awb-color8);--awb-margin-bottom:20px;--awb-text-font-family:&quot;Inter&quot;;--awb-text-font-style:normal;--awb-text-font-weight:400;\"><h3><strong>Courtier immobilier r\u00e9sidentiel et commercial<\/strong><\/h3>\n<p>En tant que <strong>courtier immobilier r\u00e9sidentiel et commercial<\/strong> d\u00e9vou\u00e9 chez <strong>RE\/MAX 3000 INC.<\/strong>, <strong>Arnaud Kuyumcu<\/strong> r\u00e9alise les r\u00eaves d\u2019achat et de vente depuis <strong>2003<\/strong>. Parfaitement bilingue en <strong>anglais et en fran\u00e7ais<\/strong>, Arnaud dessert les communaut\u00e9s dynamiques de <strong>Montr\u00e9al<\/strong>, <strong>Laval<\/strong>, <strong>Rosem\u00e8re<\/strong> et <strong>Blainville<\/strong>.<\/p>\n<h3><strong>Parcours professionnel<\/strong><\/h3>\n<p>Fort de plus de <strong>20 ans d\u2019exp\u00e9rience<\/strong> dans le domaine de l\u2019immobilier, Arnaud poss\u00e8de une connaissance approfondie du march\u00e9 qu\u00e9b\u00e9cois. Son engagement envers l\u2019excellence et son service personnalis\u00e9 lui ont valu une solide r\u00e9putation de <strong>conseiller de confiance<\/strong>, tant pour les acheteurs que pour les vendeurs.<\/p>\n<h3><strong>Approche personnalis\u00e9e<\/strong><\/h3>\n<p>Arnaud mise sur des <strong>relations durables<\/strong> avec ses clients. Il prend le temps de bien <strong>comprendre leurs besoins<\/strong> uniques afin d\u2019offrir des solutions sur mesure. Sa <strong>passion pour l\u2019immobilier<\/strong> est \u00e9gal\u00e9e seulement par son <strong>engagement envers la satisfaction de sa client\u00e8le<\/strong>.<\/p>\n<\/div><\/div><\/div><div class=\"fusion-layout-column fusion_builder_column fusion-builder-column-1 fusion_builder_column_1_2 1_2 fusion-flex-column\" style=\"--awb-bg-size:cover;--awb-width-large:50%;--awb-margin-top-large:16px;--awb-spacing-right-large:3.84%;--awb-margin-bottom-large:16px;--awb-spacing-left-large:3.84%;--awb-width-medium:50%;--awb-order-medium:0;--awb-spacing-right-medium:3.84%;--awb-spacing-left-medium:3.84%;--awb-width-small:100%;--awb-order-small:0;--awb-spacing-right-small:1.92%;--awb-spacing-left-small:1.92%;\"><div class=\"fusion-column-wrapper fusion-column-has-shadow fusion-flex-justify-content-flex-start fusion-content-layout-column\"><div class=\"fusion-image-element \" style=\"--awb-caption-title-font-family:var(--h2_typography-font-family);--awb-caption-title-font-weight:var(--h2_typography-font-weight);--awb-caption-title-font-style:var(--h2_typography-font-style);--awb-caption-title-size:var(--h2_typography-font-size);--awb-caption-title-transform:var(--h2_typography-text-transform);--awb-caption-title-line-height:var(--h2_typography-line-height);--awb-caption-title-letter-spacing:var(--h2_typography-letter-spacing);\"><span class=\" fusion-imageframe imageframe-none imageframe-1 hover-type-none\" style=\"border-radius:12px;\"><img decoding=\"async\" width=\"579\" height=\"688\" title=\"Arnaud copy Background Removed\" src=\"https:\/\/montrealrealtyaok.com\/wp-content\/uploads\/2024\/05\/Arnaud-copy-Background-Removed.png\" data-orig-src=\"https:\/\/montrealrealtyaok.com\/wp-content\/uploads\/2024\/05\/Arnaud-copy-Background-Removed.png\" alt class=\"lazyload img-responsive wp-image-8505\" srcset=\"data:image\/svg+xml,%3Csvg%20xmlns%3D%27http%3A%2F%2Fwww.w3.org%2F2000%2Fsvg%27%20width%3D%27579%27%20height%3D%27688%27%20viewBox%3D%270%200%20579%20688%27%3E%3Crect%20width%3D%27579%27%20height%3D%27688%27%20fill-opacity%3D%220%22%2F%3E%3C%2Fsvg%3E\" data-srcset=\"https:\/\/montrealrealtyaok.com\/wp-content\/uploads\/2024\/05\/Arnaud-copy-Background-Removed-200x238.png 200w, https:\/\/montrealrealtyaok.com\/wp-content\/uploads\/2024\/05\/Arnaud-copy-Background-Removed-400x475.png 400w, https:\/\/montrealrealtyaok.com\/wp-content\/uploads\/2024\/05\/Arnaud-copy-Background-Removed.png 579w\" data-sizes=\"auto\" data-orig-sizes=\"(max-width: 640px) 100vw, 579px\" \/><\/span><\/div><\/div><\/div><div class=\"fusion-layout-column fusion_builder_column fusion-builder-column-2 fusion_builder_column_1_1 1_1 fusion-flex-column\" style=\"--awb-padding-top:25px;--awb-padding-bottom:25px;--awb-bg-size:cover;--awb-width-large:100%;--awb-margin-top-large:16px;--awb-spacing-right-large:1.92%;--awb-margin-bottom-large:16px;--awb-spacing-left-large:1.92%;--awb-width-medium:100%;--awb-order-medium:0;--awb-spacing-right-medium:1.92%;--awb-spacing-left-medium:1.92%;--awb-width-small:100%;--awb-order-small:0;--awb-spacing-right-small:1.92%;--awb-spacing-left-small:1.92%;\"><div class=\"fusion-column-wrapper fusion-column-has-shadow fusion-flex-justify-content-center fusion-content-layout-column\"><div class=\"fusion-title title fusion-title-2 fusion-sep-none fusion-title-center fusion-title-text fusion-title-size-four\" style=\"--awb-text-color:var(--awb-color8);--awb-font-size:30px;\"><h4 class=\"fusion-title-heading title-heading-center fusion-responsive-typography-calculated\" style=\"font-family:&quot;Figtree&quot;;font-style:normal;font-weight:700;margin:0;font-size:1em;--fontSize:30;line-height:1.19;\">Que vous achetiez, vendiez ou investissiez, l&rsquo;objectif d&rsquo;Arnaud est de rendre le processus fluide et gratifiant.<\/h4><\/div><div ><a class=\"fusion-button button-flat fusion-button-default-size button-default fusion-button-default button-1 fusion-button-span-yes fusion-button-default-type\" style=\"--button_margin-top:60px;\" target=\"_self\" href=\"https:\/\/montrealrealtyaok.com\/fr\/a-propos-de\/\"><span class=\"fusion-button-text awb-button__text awb-button__text--default\">En savoir plus<\/span><\/a><\/div><\/div><\/div><\/div><\/div><div class=\"fusion-fullwidth fullwidth-box fusion-builder-row-2 fusion-flex-container has-pattern-background has-mask-background hundred-percent-fullwidth non-hundred-percent-height-scrolling fusion-animated\" style=\"--awb-border-radius-top-left:0px;--awb-border-radius-top-right:0px;--awb-border-radius-bottom-right:0px;--awb-border-radius-bottom-left:0px;--awb-padding-top:105px;--awb-padding-bottom:105px;--awb-padding-top-small:80px;--awb-padding-bottom-small:80px;--awb-flex-wrap:wrap;\" data-animationType=\"fadeIn\" data-animationDuration=\"0.5\" data-animationOffset=\"top-into-view\" ><div class=\"fusion-builder-row fusion-row fusion-flex-align-items-flex-start fusion-flex-justify-content-center fusion-flex-content-wrap\" style=\"width:calc( 100% + 32px ) !important;max-width:calc( 100% + 32px ) !important;margin-left: calc(-32px \/ 2 );margin-right: calc(-32px \/ 2 );\"><div class=\"fusion-layout-column fusion_builder_column fusion-builder-column-3 fusion_builder_column_1_3 1_3 fusion-flex-column fusion-flex-align-self-stretch fusion-column-inner-bg-wrapper\" style=\"--awb-inner-bg-color:var(--awb-color1);--awb-inner-bg-color-hover:var(--awb-color1);--awb-inner-bg-size:cover;--awb-box-shadow:0px 1px 2px 0px hsla(var(--awb-color8-h),var(--awb-color8-s),var(--awb-color8-l),calc(var(--awb-color8-a) - 84%));;--awb-transform:scaleX(1) scaleY(1);--awb-transform-hover:scaleX(1.02) scaleY(1.02);--awb-filter:saturate(100%);--awb-filter-transition:filter 0.3s ease;--awb-filter-hover:saturate(0%);--awb-width-large:33.333333333333%;--awb-margin-top-large:16px;--awb-spacing-right-large:16px;--awb-margin-bottom-large:16px;--awb-spacing-left-large:16px;--awb-width-medium:33.333333333333%;--awb-order-medium:15;--awb-spacing-right-medium:16px;--awb-spacing-left-medium:16px;--awb-width-small:100%;--awb-order-small:0;--awb-spacing-right-small:16px;--awb-spacing-left-small:16px;\" data-scroll-devices=\"small-visibility,medium-visibility,large-visibility\"><span class=\"fusion-column-inner-bg hover-type-none\"><a class=\"fusion-column-anchor\" href=\"https:\/\/montrealrealtyaok.com\/fr\/vendre\/\"><span class=\"fusion-column-inner-bg-image\"><\/span><\/a><\/span><div class=\"fusion-column-wrapper fusion-column-has-shadow fusion-flex-justify-content-space-between fusion-content-layout-column\"><div class=\"fusion-image-element \" style=\"text-align:center;--awb-aspect-ratio: 100 \/ 64;--awb-caption-title-font-family:var(--h2_typography-font-family);--awb-caption-title-font-weight:var(--h2_typography-font-weight);--awb-caption-title-font-style:var(--h2_typography-font-style);--awb-caption-title-size:var(--h2_typography-font-size);--awb-caption-title-transform:var(--h2_typography-text-transform);--awb-caption-title-line-height:var(--h2_typography-line-height);--awb-caption-title-letter-spacing:var(--h2_typography-letter-spacing);\"><span class=\" fusion-imageframe imageframe-none imageframe-2 hover-type-none has-aspect-ratio\"><img decoding=\"async\" width=\"740\" height=\"560\" title=\"real-estate-broker-agent-presenting-and-consult-to-2024-02-07-06-42-56-utc\" src=\"https:\/\/montrealrealtyaok.com\/wp-content\/uploads\/2024\/05\/real-estate-broker-agent-presenting-and-consult-to-2024-02-07-06-42-56-utc.jpg\" data-orig-src=\"https:\/\/montrealrealtyaok.com\/wp-content\/uploads\/2024\/05\/real-estate-broker-agent-presenting-and-consult-to-2024-02-07-06-42-56-utc.jpg\" class=\"lazyload img-responsive wp-image-8513 img-with-aspect-ratio\" data-parent-fit=\"cover\" data-parent-container=\".fusion-image-element\" alt srcset=\"data:image\/svg+xml,%3Csvg%20xmlns%3D%27http%3A%2F%2Fwww.w3.org%2F2000%2Fsvg%27%20width%3D%27740%27%20height%3D%27560%27%20viewBox%3D%270%200%20740%20560%27%3E%3Crect%20width%3D%27740%27%20height%3D%27560%27%20fill-opacity%3D%220%22%2F%3E%3C%2Fsvg%3E\" data-srcset=\"https:\/\/montrealrealtyaok.com\/wp-content\/uploads\/2024\/05\/real-estate-broker-agent-presenting-and-consult-to-2024-02-07-06-42-56-utc-200x151.jpg 200w, https:\/\/montrealrealtyaok.com\/wp-content\/uploads\/2024\/05\/real-estate-broker-agent-presenting-and-consult-to-2024-02-07-06-42-56-utc-400x303.jpg 400w, https:\/\/montrealrealtyaok.com\/wp-content\/uploads\/2024\/05\/real-estate-broker-agent-presenting-and-consult-to-2024-02-07-06-42-56-utc-600x454.jpg 600w, https:\/\/montrealrealtyaok.com\/wp-content\/uploads\/2024\/05\/real-estate-broker-agent-presenting-and-consult-to-2024-02-07-06-42-56-utc.jpg 740w\" data-sizes=\"auto\" data-orig-sizes=\"(max-width: 640px) 100vw, 400px\" \/><\/span><\/div><div class=\"fusion-builder-row fusion-builder-row-inner fusion-row fusion-flex-align-items-flex-start fusion-flex-justify-content-center fusion-flex-content-wrap\" style=\"width:calc( 100% + 32px ) !important;max-width:calc( 100% + 32px ) !important;margin-left: calc(-32px \/ 2 );margin-right: calc(-32px \/ 2 );\"><div class=\"fusion-layout-column fusion_builder_column_inner fusion-builder-nested-column-0 fusion_builder_column_inner_1_1 1_1 fusion-flex-column\" style=\"--awb-padding-top:24px;--awb-padding-right:32px;--awb-padding-bottom:24px;--awb-padding-left:32px;--awb-bg-size:cover;--awb-width-large:100%;--awb-margin-top-large:0px;--awb-spacing-right-large:16px;--awb-margin-bottom-large:0px;--awb-spacing-left-large:16px;--awb-width-medium:100%;--awb-order-medium:0;--awb-spacing-right-medium:16px;--awb-spacing-left-medium:16px;--awb-width-small:100%;--awb-order-small:0;--awb-spacing-right-small:16px;--awb-spacing-left-small:16px;\"><div class=\"fusion-column-wrapper fusion-column-has-shadow fusion-flex-justify-content-flex-start fusion-content-layout-column\"><div class=\"fusion-title title fusion-title-3 fusion-sep-none fusion-title-center fusion-title-text fusion-title-size-one\" style=\"--awb-margin-top-small:4px;--awb-font-size:var(--awb-custom_typography_3-font-size);\"><h1 class=\"fusion-title-heading title-heading-center fusion-responsive-typography-calculated\" style=\"font-family:var(--awb-custom_typography_4-font-family);font-weight:var(--awb-custom_typography_4-font-weight);font-style:var(--awb-custom_typography_4-font-style);margin:0;letter-spacing:var(--awb-custom_typography_4-letter-spacing);text-transform:none;font-size:1em;--fontSize:24;line-height:var(--awb-custom_typography_4-line-height);\">Vendre une maison<\/h1><\/div><div class=\"fusion-text fusion-text-3\" style=\"--awb-content-alignment:center;--awb-font-size:var(--awb-typography5-font-size);--awb-line-height:var(--awb-typography5-line-height);--awb-letter-spacing:var(--awb-typography5-letter-spacing);--awb-text-transform:var(--awb-typography5-text-transform);--awb-text-color:var(--awb-color7);--awb-text-font-family:var(--awb-typography5-font-family);--awb-text-font-weight:var(--awb-typography5-font-weight);--awb-text-font-style:var(--awb-typography5-font-style);\"><p>D\u00e9couvrez comment fonctionne la vente de votre logement.<\/p>\n<\/div><div style=\"text-align:center;\"><a class=\"fusion-button button-flat fusion-button-default-size button-custom fusion-button-default button-2 fusion-button-default-span fusion-button-default-type\" style=\"--button_accent_color:var(--awb-color5);--button_border_color:var(--awb-color5);--button_accent_hover_color:var(--awb-color1);--button_border_hover_color:var(--awb-color5);--button_border_width-top:1px;--button_border_width-right:1px;--button_border_width-bottom:1px;--button_border_width-left:1px;--button_gradient_top_color:var(--awb-color1);--button_gradient_bottom_color:var(--awb-color1);--button_gradient_top_color_hover:var(--awb-color5);--button_gradient_bottom_color_hover:var(--awb-color5);--button_padding-top:12px;--button_padding-bottom:12px;\" target=\"_self\" href=\"https:\/\/montrealrealtyaok.com\/fr\/vendre\/\"><span class=\"fusion-button-text awb-button__text awb-button__text--default\">Comment cela fonctionne-t-il ?<\/span><\/a><\/div><\/div><\/div><\/div><\/div><\/div><div class=\"fusion-layout-column fusion_builder_column fusion-builder-column-4 fusion_builder_column_1_3 1_3 fusion-flex-column fusion-flex-align-self-stretch fusion-column-inner-bg-wrapper\" style=\"--awb-inner-bg-color:var(--awb-color1);--awb-inner-bg-color-hover:var(--awb-color1);--awb-inner-bg-size:cover;--awb-box-shadow:0px 1px 2px 0px hsla(var(--awb-color8-h),var(--awb-color8-s),var(--awb-color8-l),calc(var(--awb-color8-a) - 84%));;--awb-transform:scaleX(1) scaleY(1);--awb-transform-hover:scaleX(1.02) scaleY(1.02);--awb-filter:saturate(100%);--awb-filter-transition:filter 0.3s ease;--awb-filter-hover:saturate(0%);--awb-width-large:33.333333333333%;--awb-margin-top-large:16px;--awb-spacing-right-large:16px;--awb-margin-bottom-large:16px;--awb-spacing-left-large:16px;--awb-width-medium:33.333333333333%;--awb-order-medium:14;--awb-spacing-right-medium:16px;--awb-spacing-left-medium:16px;--awb-width-small:100%;--awb-order-small:0;--awb-spacing-right-small:16px;--awb-spacing-left-small:16px;\" data-scroll-devices=\"small-visibility,medium-visibility,large-visibility\"><span class=\"fusion-column-inner-bg hover-type-none\"><a class=\"fusion-column-anchor\" href=\"https:\/\/montrealrealtyaok.com\/fr\/proprietes\/\"><span class=\"fusion-column-inner-bg-image\"><\/span><\/a><\/span><div class=\"fusion-column-wrapper fusion-column-has-shadow fusion-flex-justify-content-space-between fusion-content-layout-column\"><div class=\"fusion-image-element \" style=\"text-align:center;--awb-aspect-ratio: 100 \/ 64;--awb-caption-title-font-family:var(--h2_typography-font-family);--awb-caption-title-font-weight:var(--h2_typography-font-weight);--awb-caption-title-font-style:var(--h2_typography-font-style);--awb-caption-title-size:var(--h2_typography-font-size);--awb-caption-title-transform:var(--h2_typography-text-transform);--awb-caption-title-line-height:var(--h2_typography-line-height);--awb-caption-title-letter-spacing:var(--h2_typography-letter-spacing);\"><span class=\" fusion-imageframe imageframe-none imageframe-3 hover-type-none has-aspect-ratio\"><img decoding=\"async\" width=\"740\" height=\"560\" title=\"couple-with-a-property-for-sale-sign-2023-11-27-05-36-23-utc\" src=\"https:\/\/montrealrealtyaok.com\/wp-content\/uploads\/2024\/05\/couple-with-a-property-for-sale-sign-2023-11-27-05-36-23-utc.jpg\" data-orig-src=\"https:\/\/montrealrealtyaok.com\/wp-content\/uploads\/2024\/05\/couple-with-a-property-for-sale-sign-2023-11-27-05-36-23-utc.jpg\" class=\"lazyload img-responsive wp-image-8511 img-with-aspect-ratio\" data-parent-fit=\"cover\" data-parent-container=\".fusion-image-element\" alt srcset=\"data:image\/svg+xml,%3Csvg%20xmlns%3D%27http%3A%2F%2Fwww.w3.org%2F2000%2Fsvg%27%20width%3D%27740%27%20height%3D%27560%27%20viewBox%3D%270%200%20740%20560%27%3E%3Crect%20width%3D%27740%27%20height%3D%27560%27%20fill-opacity%3D%220%22%2F%3E%3C%2Fsvg%3E\" data-srcset=\"https:\/\/montrealrealtyaok.com\/wp-content\/uploads\/2024\/05\/couple-with-a-property-for-sale-sign-2023-11-27-05-36-23-utc-200x151.jpg 200w, https:\/\/montrealrealtyaok.com\/wp-content\/uploads\/2024\/05\/couple-with-a-property-for-sale-sign-2023-11-27-05-36-23-utc-400x303.jpg 400w, https:\/\/montrealrealtyaok.com\/wp-content\/uploads\/2024\/05\/couple-with-a-property-for-sale-sign-2023-11-27-05-36-23-utc-600x454.jpg 600w, https:\/\/montrealrealtyaok.com\/wp-content\/uploads\/2024\/05\/couple-with-a-property-for-sale-sign-2023-11-27-05-36-23-utc.jpg 740w\" data-sizes=\"auto\" data-orig-sizes=\"(max-width: 640px) 100vw, 400px\" \/><\/span><\/div><div class=\"fusion-builder-row fusion-builder-row-inner fusion-row fusion-flex-align-items-flex-start fusion-flex-justify-content-center fusion-flex-content-wrap\" style=\"width:calc( 100% + 32px ) !important;max-width:calc( 100% + 32px ) !important;margin-left: calc(-32px \/ 2 );margin-right: calc(-32px \/ 2 );\"><div class=\"fusion-layout-column fusion_builder_column_inner fusion-builder-nested-column-1 fusion_builder_column_inner_1_1 1_1 fusion-flex-column\" style=\"--awb-padding-top:24px;--awb-padding-right:32px;--awb-padding-bottom:24px;--awb-padding-left:32px;--awb-bg-size:cover;--awb-width-large:100%;--awb-margin-top-large:0px;--awb-spacing-right-large:16px;--awb-margin-bottom-large:0px;--awb-spacing-left-large:16px;--awb-width-medium:100%;--awb-order-medium:0;--awb-spacing-right-medium:16px;--awb-spacing-left-medium:16px;--awb-width-small:100%;--awb-order-small:0;--awb-spacing-right-small:16px;--awb-spacing-left-small:16px;\"><div class=\"fusion-column-wrapper fusion-column-has-shadow fusion-flex-justify-content-flex-start fusion-content-layout-column\"><div class=\"fusion-title title fusion-title-4 fusion-sep-none fusion-title-center fusion-title-text fusion-title-size-one\" style=\"--awb-margin-top-small:4px;--awb-font-size:var(--awb-custom_typography_3-font-size);\"><h1 class=\"fusion-title-heading title-heading-center fusion-responsive-typography-calculated\" style=\"font-family:var(--awb-custom_typography_4-font-family);font-weight:var(--awb-custom_typography_4-font-weight);font-style:var(--awb-custom_typography_4-font-style);margin:0;letter-spacing:var(--awb-custom_typography_4-letter-spacing);text-transform:none;font-size:1em;--fontSize:24;line-height:var(--awb-custom_typography_4-line-height);\">Acheter un logement<\/h1><\/div><div class=\"fusion-text fusion-text-4\" style=\"--awb-content-alignment:center;--awb-font-size:var(--awb-typography5-font-size);--awb-line-height:var(--awb-typography5-line-height);--awb-letter-spacing:var(--awb-typography5-letter-spacing);--awb-text-transform:var(--awb-typography5-text-transform);--awb-text-color:var(--awb-color7);--awb-text-font-family:var(--awb-typography5-font-family);--awb-text-font-weight:var(--awb-typography5-font-weight);--awb-text-font-style:var(--awb-typography5-font-style);\"><p>Voir toutes les propri\u00e9t\u00e9s disponibles.<\/p>\n<\/div><div style=\"text-align:center;\"><a class=\"fusion-button button-flat fusion-button-default-size button-custom fusion-button-default button-3 fusion-button-default-span fusion-button-default-type\" style=\"--button_accent_color:var(--awb-color5);--button_border_color:var(--awb-color5);--button_accent_hover_color:var(--awb-color1);--button_border_hover_color:var(--awb-color5);--button_border_width-top:1px;--button_border_width-right:1px;--button_border_width-bottom:1px;--button_border_width-left:1px;--button_gradient_top_color:var(--awb-color1);--button_gradient_bottom_color:var(--awb-color1);--button_gradient_top_color_hover:var(--awb-color5);--button_gradient_bottom_color_hover:var(--awb-color5);--button_padding-top:12px;--button_padding-bottom:12px;\" target=\"_self\" href=\"https:\/\/montrealrealtyaok.com\/fr\/proprietes\/\"><span class=\"fusion-button-text awb-button__text awb-button__text--default\">Parcourir les logements<\/span><\/a><\/div><\/div><\/div><\/div><\/div><\/div><\/div><\/div><\/p>\n","protected":false},"excerpt":{"rendered":"","protected":false},"author":1,"featured_media":0,"parent":0,"menu_order":0,"comment_status":"closed","ping_status":"closed","template":"100-width.php","meta":{"footnotes":""},"class_list":["post-8531","page","type-page","status-publish","hentry"],"_links":{"self":[{"href":"https:\/\/montrealrealtyaok.com\/fr\/wp-json\/wp\/v2\/pages\/8531","targetHints":{"allow":["GET"]}}],"collection":[{"href":"https:\/\/montrealrealtyaok.com\/fr\/wp-json\/wp\/v2\/pages"}],"about":[{"href":"https:\/\/montrealrealtyaok.com\/fr\/wp-json\/wp\/v2\/types\/page"}],"author":[{"embeddable":true,"href":"https:\/\/montrealrealtyaok.com\/fr\/wp-json\/wp\/v2\/users\/1"}],"replies":[{"embeddable":true,"href":"https:\/\/montrealrealtyaok.com\/fr\/wp-json\/wp\/v2\/comments?post=8531"}],"version-history":[{"count":22,"href":"https:\/\/montrealrealtyaok.com\/fr\/wp-json\/wp\/v2\/pages\/8531\/revisions"}],"predecessor-version":[{"id":11735,"href":"https:\/\/montrealrealtyaok.com\/fr\/wp-json\/wp\/v2\/pages\/8531\/revisions\/11735"}],"wp:attachment":[{"href":"https:\/\/montrealrealtyaok.com\/fr\/wp-json\/wp\/v2\/media?parent=8531"}],"curies":[{"name":"wp","href":"https:\/\/api.w.org\/{rel}","templated":true}]}}