{"id":8556,"date":"2024-05-20T21:03:57","date_gmt":"2024-05-20T21:03:57","guid":{"rendered":"https:\/\/montrealrealtyaok.com\/contact\/"},"modified":"2025-06-26T15:04:26","modified_gmt":"2025-06-26T15:04:26","slug":"contact","status":"publish","type":"page","link":"https:\/\/montrealrealtyaok.com\/fr\/contact\/","title":{"rendered":"Contact"},"content":{"rendered":"<p><div class=\"fusion-fullwidth fullwidth-box fusion-builder-row-1 fusion-flex-container fusion-parallax-none nonhundred-percent-fullwidth non-hundred-percent-height-scrolling lazyload fusion-animated\" style=\"--awb-border-sizes-top:0px;--awb-border-sizes-bottom:0px;--awb-border-sizes-left:0px;--awb-border-sizes-right:0px;--awb-border-radius-top-left:0px;--awb-border-radius-top-right:0px;--awb-border-radius-bottom-right:0px;--awb-border-radius-bottom-left:0px;--awb-padding-top:135px;--awb-padding-right:30px;--awb-padding-bottom:135px;--awb-padding-left:30px;--awb-padding-top-medium:48px;--awb-padding-bottom-medium:48px;--awb-padding-top-small:60px;--awb-padding-bottom-small:60px;--awb-margin-top:0px;--awb-margin-bottom:0px;--awb-background-color:#ffffff;--awb-background-image:linear-gradient(180deg, rgba(23,14,11,0.92) 0%,hsla(var(--awb-color1-h),var(--awb-color1-s),var(--awb-color1-l),calc(var(--awb-color1-a) - 100%)) 100%);;--awb-background-size:cover;--awb-flex-wrap:wrap;\" data-bg=\"https:\/\/montrealrealtyaok.com\/wp-content\/uploads\/2023\/10\/avada-hero-real-estate-full-width-bg.jpg\" data-bg-gradient=\"linear-gradient(180deg, rgba(23,14,11,0.92) 0%,hsla(var(--awb-color1-h),var(--awb-color1-s),var(--awb-color1-l),calc(var(--awb-color1-a) - 100%)) 100%)\" data-animationType=\"fadeIn\" data-animationDuration=\"1.3\" data-animationOffset=\"top-into-view\" ><div class=\"fusion-builder-row fusion-row fusion-flex-align-items-center fusion-flex-justify-content-center fusion-flex-content-wrap\" style=\"max-width:1248px;margin-left: calc(-4% \/ 2 );margin-right: calc(-4% \/ 2 );\"><div class=\"fusion-layout-column fusion_builder_column fusion-builder-column-0 fusion_builder_column_1_1 1_1 fusion-flex-column\" style=\"--awb-bg-size:cover;--awb-width-large:100%;--awb-margin-top-large:0px;--awb-spacing-right-large:0px;--awb-margin-bottom-large:0px;--awb-spacing-left-large:1.92%;--awb-width-medium:40%;--awb-order-medium:0;--awb-spacing-right-medium:0px;--awb-margin-bottom-medium:12px;--awb-spacing-left-medium:4.8%;--awb-width-small:100%;--awb-order-small:0;--awb-spacing-right-small:1.92%;--awb-spacing-left-small:1.92%;\"><div class=\"fusion-column-wrapper fusion-column-has-shadow fusion-flex-justify-content-flex-start fusion-content-layout-column\"><div class=\"fusion-title title fusion-title-1 fusion-sep-none fusion-title-center fusion-title-text fusion-title-size-one\" style=\"--awb-text-color:var(--awb-color1);--awb-margin-bottom:0px;--awb-margin-top-small:10px;--awb-margin-bottom-small:10px;--awb-font-size:65px;\"><h1 class=\"fusion-title-heading title-heading-center fusion-responsive-typography-calculated\" style=\"font-family:&quot;Figtree&quot;;font-style:normal;font-weight:400;margin:0;letter-spacing:-0.065rem;text-transform:uppercase;font-size:1em;--fontSize:65;line-height:1.2;\"><strong>Contact<\/strong><\/h1><\/div><\/div><\/div><\/div><\/div><div class=\"fusion-fullwidth fullwidth-box fusion-builder-row-2 fusion-flex-container has-pattern-background has-mask-background nonhundred-percent-fullwidth non-hundred-percent-height-scrolling\" style=\"--awb-border-radius-top-left:0px;--awb-border-radius-top-right:0px;--awb-border-radius-bottom-right:0px;--awb-border-radius-bottom-left:0px;--awb-padding-top:59px;--awb-flex-wrap:wrap;\" ><div class=\"fusion-builder-row fusion-row fusion-flex-align-items-flex-start fusion-flex-content-wrap\" style=\"max-width:1248px;margin-left: calc(-4% \/ 2 );margin-right: calc(-4% \/ 2 );\"><div class=\"fusion-layout-column fusion_builder_column fusion-builder-column-1 fusion_builder_column_1_2 1_2 fusion-flex-column fusion-flex-align-self-stretch\" style=\"--awb-bg-size:cover;--awb-width-large:50%;--awb-margin-top-large:16px;--awb-spacing-right-large:3.84%;--awb-margin-bottom-large:16px;--awb-spacing-left-large:3.84%;--awb-width-medium:50%;--awb-order-medium:0;--awb-spacing-right-medium:3.84%;--awb-spacing-left-medium:3.84%;--awb-width-small:100%;--awb-order-small:0;--awb-spacing-right-small:1.92%;--awb-spacing-left-small:1.92%;\"><div class=\"fusion-column-wrapper fusion-column-has-shadow fusion-flex-justify-content-flex-start fusion-content-layout-column\"><div class=\"fusion-image-element \" style=\"--awb-caption-title-font-family:var(--h2_typography-font-family);--awb-caption-title-font-weight:var(--h2_typography-font-weight);--awb-caption-title-font-style:var(--h2_typography-font-style);--awb-caption-title-size:var(--h2_typography-font-size);--awb-caption-title-transform:var(--h2_typography-text-transform);--awb-caption-title-line-height:var(--h2_typography-line-height);--awb-caption-title-letter-spacing:var(--h2_typography-letter-spacing);\"><span class=\" fusion-imageframe imageframe-none imageframe-1 hover-type-none\" style=\"border-radius:12px;\"><img decoding=\"async\" width=\"579\" height=\"688\" title=\"Arnaud copy Background Removed\" src=\"https:\/\/montrealrealtyaok.com\/wp-content\/uploads\/2024\/05\/Arnaud-copy-Background-Removed.png\" data-orig-src=\"https:\/\/montrealrealtyaok.com\/wp-content\/uploads\/2024\/05\/Arnaud-copy-Background-Removed.png\" alt class=\"lazyload img-responsive wp-image-8505\" srcset=\"data:image\/svg+xml,%3Csvg%20xmlns%3D%27http%3A%2F%2Fwww.w3.org%2F2000%2Fsvg%27%20width%3D%27579%27%20height%3D%27688%27%20viewBox%3D%270%200%20579%20688%27%3E%3Crect%20width%3D%27579%27%20height%3D%27688%27%20fill-opacity%3D%220%22%2F%3E%3C%2Fsvg%3E\" data-srcset=\"https:\/\/montrealrealtyaok.com\/wp-content\/uploads\/2024\/05\/Arnaud-copy-Background-Removed-200x238.png 200w, https:\/\/montrealrealtyaok.com\/wp-content\/uploads\/2024\/05\/Arnaud-copy-Background-Removed-400x475.png 400w, https:\/\/montrealrealtyaok.com\/wp-content\/uploads\/2024\/05\/Arnaud-copy-Background-Removed.png 579w\" data-sizes=\"auto\" data-orig-sizes=\"(max-width: 640px) 100vw, 579px\" \/><\/span><\/div><\/div><\/div><div class=\"fusion-layout-column fusion_builder_column fusion-builder-column-2 fusion_builder_column_1_2 1_2 fusion-flex-column fusion-flex-align-self-stretch\" style=\"--awb-bg-size:cover;--awb-width-large:50%;--awb-margin-top-large:16px;--awb-spacing-right-large:3.84%;--awb-margin-bottom-large:16px;--awb-spacing-left-large:3.84%;--awb-width-medium:50%;--awb-order-medium:0;--awb-spacing-right-medium:3.84%;--awb-spacing-left-medium:3.84%;--awb-width-small:100%;--awb-order-small:0;--awb-spacing-right-small:1.92%;--awb-spacing-left-small:1.92%;\"><div class=\"fusion-column-wrapper fusion-column-has-shadow fusion-flex-justify-content-flex-end fusion-content-layout-column\"><div class=\"fusion-title title fusion-title-2 fusion-sep-none fusion-title-text fusion-title-size-one\" style=\"--awb-margin-bottom:20px;--awb-font-size:50px;\"><h1 class=\"fusion-title-heading title-heading-left fusion-responsive-typography-calculated\" style=\"margin:0;font-size:1em;--fontSize:50;line-height:var(--awb-typography1-line-height);\">Fixer un rendez-vous<\/h1><\/div><ul style=\"--awb-textcolor:var(--awb-color8);--awb-line-height:28.9px;--awb-icon-width:28.9px;--awb-icon-height:28.9px;--awb-icon-margin:11.9px;--awb-content-margin:40.8px;--awb-circlecolor:var(--awb-color5);--awb-circle-yes-font-size:14.96px;\" class=\"fusion-checklist fusion-checklist-1 fusion-checklist-default type-icons\"><li class=\"fusion-li-item\" style=\"\"><span class=\"icon-wrapper circle-yes\"><i class=\"fusion-li-icon fa-phone-alt fas\" aria-hidden=\"true\"><\/i><\/span><div class=\"fusion-li-item-content\">\n<p><strong><a href=\"tel:5148955889\">( 514) 895-5889<\/a><\/strong><\/p>\n<\/div><\/li><\/ul><div class=\"fusion-form fusion-form-builder fusion-form-form-wrapper fusion-form-8586\" style=\"--awb-tooltip-text-color:#ffffff;--awb-tooltip-background-color:#0f1d38;--awb-form-bg-color:#ffffff;--awb-form-placeholder-color:rgba(15,29,56,0.7);--awb-form-text-color:#0f1d38;--awb-form-label-color:#0f1d38;--awb-form-border-color:#d1d1d1;--awb-form-focus-border-color:#9eb8e6;--awb-form-focus-border-hover-color:rgba(158,184,230,0.5);\" data-form-id=\"8586\" data-config=\"{&quot;form_id&quot;:8586,&quot;form_post_id&quot;:8586,&quot;post_id&quot;:8556,&quot;form_type&quot;:&quot;ajax&quot;,&quot;confirmation_type&quot;:&quot;message&quot;,&quot;redirect_url&quot;:&quot;&quot;,&quot;field_labels&quot;:{&quot;name&quot;:&quot;&quot;,&quot;email&quot;:&quot;&quot;,&quot;phone&quot;:&quot;&quot;,&quot;service&quot;:&quot;&quot;,&quot;Message&quot;:&quot;&quot;},&quot;field_logics&quot;:{&quot;name&quot;:&quot;&quot;,&quot;email&quot;:&quot;&quot;,&quot;phone&quot;:&quot;&quot;,&quot;service&quot;:&quot;&quot;,&quot;Message&quot;:&quot;&quot;,&quot;submit_1&quot;:&quot;&quot;,&quot;notice_1&quot;:&quot;&quot;},&quot;field_types&quot;:{&quot;name&quot;:&quot;text&quot;,&quot;email&quot;:&quot;email&quot;,&quot;phone&quot;:&quot;phone_number&quot;,&quot;service&quot;:&quot;select&quot;,&quot;Message&quot;:&quot;textarea&quot;,&quot;submit_1&quot;:&quot;submit&quot;,&quot;notice_1&quot;:&quot;notice&quot;},&quot;nonce_method&quot;:&quot;ajax&quot;,&quot;form_views&quot;:&quot;ajax&quot;,&quot;form_views_counting&quot;:&quot;all&quot;}\"><form action=\"https:\/\/montrealrealtyaok.com\/fr\/contact\/\" method=\"post\" class=\"fusion-form fusion-form-8586\"><div class=\"fusion-fullwidth fullwidth-box fusion-builder-row-2-1 fusion-flex-container nonhundred-percent-fullwidth non-hundred-percent-height-scrolling\" style=\"--awb-border-sizes-top:0px;--awb-border-sizes-bottom:0px;--awb-border-sizes-left:0px;--awb-border-sizes-right:0px;--awb-border-radius-top-left:0px;--awb-border-radius-top-right:0px;--awb-border-radius-bottom-right:0px;--awb-border-radius-bottom-left:0px;--awb-padding-top:0px;--awb-padding-right:0px;--awb-padding-bottom:0px;--awb-padding-left:0px;--awb-margin-top:0px;--awb-margin-bottom:0px;--awb-flex-wrap:wrap;\" ><div class=\"fusion-builder-row fusion-row fusion-flex-align-items-center fusion-flex-content-wrap\" style=\"width:calc( 100% + 15px ) !important;max-width:calc( 100% + 15px ) !important;margin-left: calc(-15px \/ 2 );margin-right: calc(-15px \/ 2 );\"><div class=\"fusion-layout-column fusion_builder_column fusion-builder-column-3 fusion_builder_column_1_2 1_2 fusion-flex-column\" style=\"--awb-bg-size:cover;--awb-width-large:50%;--awb-flex-grow:0;--awb-flex-shrink:0;--awb-margin-top-large:0px;--awb-spacing-right-large:calc( 0.04 * calc( 100% - 15px ) );--awb-margin-bottom-large:0px;--awb-spacing-left-large:7.5px;--awb-width-medium:50%;--awb-order-medium:0;--awb-flex-grow-medium:0;--awb-flex-shrink-medium:0;--awb-spacing-right-medium:calc( 0.04 * calc( 100% - 15px ) );--awb-spacing-left-medium:7.5px;--awb-width-small:100%;--awb-order-small:0;--awb-flex-grow-small:0;--awb-flex-shrink-small:0;--awb-spacing-right-small:7.5px;--awb-spacing-left-small:7.5px;\"><div class=\"fusion-column-wrapper fusion-column-has-shadow fusion-flex-justify-content-flex-start fusion-content-layout-column\"><div class=\"fusion-form-field fusion-form-text-field fusion-form-label-above\" style=\"\" data-form-id=\"8586\"><input type=\"text\" autocomplete=\"off\" name=\"name\" id=\"name\" value=\"\"  class=\"fusion-form-input\" required=\"true\" aria-required=\"true\" placeholder=\"Nom *\" data-holds-private-data=\"false\" minlength=\"0\"\/><\/div><\/div><\/div><div class=\"fusion-layout-column fusion_builder_column fusion-builder-column-4 fusion_builder_column_1_2 1_2 fusion-flex-column\" style=\"--awb-bg-size:cover;--awb-width-large:50%;--awb-flex-grow:0;--awb-flex-shrink:0;--awb-margin-top-large:0px;--awb-spacing-right-large:7.5px;--awb-margin-bottom-large:0px;--awb-spacing-left-large:calc( 0.04 * calc( 100% - 15px ) );--awb-width-medium:50%;--awb-order-medium:0;--awb-flex-grow-medium:0;--awb-flex-shrink-medium:0;--awb-spacing-right-medium:7.5px;--awb-spacing-left-medium:calc( 0.04 * calc( 100% - 15px ) );--awb-width-small:100%;--awb-order-small:0;--awb-flex-grow-small:0;--awb-flex-shrink-small:0;--awb-spacing-right-small:7.5px;--awb-spacing-left-small:7.5px;\"><div class=\"fusion-column-wrapper fusion-column-has-shadow fusion-flex-justify-content-flex-start fusion-content-layout-column\"><div class=\"fusion-form-field fusion-form-email-field fusion-form-label-above\" style=\"\" data-form-id=\"8586\"><input type=\"email\" autocomplete=\"off\" name=\"email\" id=\"email\" value=\"\"  class=\"fusion-form-input\" required=\"true\" aria-required=\"true\" placeholder=\"Courriel *\" data-holds-private-data=\"false\"\/><\/div><\/div><\/div><div class=\"fusion-layout-column fusion_builder_column fusion-builder-column-5 fusion_builder_column_1_1 1_1 fusion-flex-column\" style=\"--awb-bg-size:cover;--awb-width-large:100%;--awb-flex-grow:0;--awb-flex-shrink:0;--awb-margin-top-large:0px;--awb-spacing-right-large:7.5px;--awb-margin-bottom-large:0px;--awb-spacing-left-large:7.5px;--awb-width-medium:100%;--awb-order-medium:0;--awb-flex-grow-medium:0;--awb-flex-shrink-medium:0;--awb-spacing-right-medium:7.5px;--awb-spacing-left-medium:7.5px;--awb-width-small:100%;--awb-order-small:0;--awb-flex-grow-small:0;--awb-flex-shrink-small:0;--awb-spacing-right-small:7.5px;--awb-spacing-left-small:7.5px;\"><div class=\"fusion-column-wrapper fusion-column-has-shadow fusion-flex-justify-content-flex-start fusion-content-layout-column\"><div class=\"fusion-form-field fusion-form-phone-number-field fusion-form-label-above\" style=\"\" data-form-id=\"8586\"><div class=\"fusion-form-input-with-icon\"><i class=\"awb-form-icon mechanic-mobile\"><\/i><input type=\"tel\" autocomplete=\"off\" name=\"phone\" id=\"phone\" value=\"\"  class=\"fusion-form-input\" required=\"true\" aria-required=\"true\" placeholder=\"Num\u00e9ro de t\u00e9l\u00e9phone *\" data-holds-private-data=\"false\"\/><\/div><\/div><\/div><\/div><div class=\"fusion-layout-column fusion_builder_column fusion-builder-column-6 fusion_builder_column_1_1 1_1 fusion-flex-column\" style=\"--awb-bg-size:cover;--awb-width-large:100%;--awb-flex-grow:0;--awb-flex-shrink:0;--awb-margin-top-large:0px;--awb-spacing-right-large:7.5px;--awb-margin-bottom-large:0px;--awb-spacing-left-large:7.5px;--awb-width-medium:100%;--awb-order-medium:0;--awb-flex-grow-medium:0;--awb-flex-shrink-medium:0;--awb-spacing-right-medium:7.5px;--awb-spacing-left-medium:7.5px;--awb-width-small:100%;--awb-order-small:0;--awb-flex-grow-small:0;--awb-flex-shrink-small:0;--awb-spacing-right-small:7.5px;--awb-spacing-left-small:7.5px;\"><div class=\"fusion-column-wrapper fusion-column-has-shadow fusion-flex-justify-content-flex-start fusion-content-layout-column\"><div class=\"fusion-form-field fusion-form-select-field fusion-form-label-above\" style=\"\" data-form-id=\"8586\"><div class=\"fusion-select-wrapper\"><select autocomplete=\"off\" tabindex=\"\" id=\"service\" name=\"service\" class=\"fusion-form-input\" required=\"true\" aria-required=\"true\" data-holds-private-data=\"false\"><option value=\"\" disabled selected>Service*<\/option><option value=\"Achat d'un logement\" >Achat d'un logement<\/option><option value=\"Vendre un logement\" >Vendre un logement<\/option><option value=\"\u00c9valuation gratuite\" >\u00c9valuation gratuite<\/option><option value=\"Autre\" >Autre<\/option><\/select><div class=\"select-arrow\"><svg width=\"12\" height=\"8\" viewBox=\"0 0 12 8\" fill=\"none\" xmlns=\"http:\/\/www.w3.org\/2000\/svg\"> <path d=\"M1.5 1.75L6 6.25L10.5 1.75\" stroke=\"#6D6D6D\" stroke-width=\"2\" stroke-linecap=\"round\" stroke-linejoin=\"round\"\/> <\/svg><\/div><\/div><\/div><\/div><\/div><div class=\"fusion-layout-column fusion_builder_column fusion-builder-column-7 fusion_builder_column_1_1 1_1 fusion-flex-column\" style=\"--awb-bg-size:cover;--awb-width-large:100%;--awb-flex-grow:0;--awb-flex-shrink:0;--awb-margin-top-large:0px;--awb-spacing-right-large:7.5px;--awb-margin-bottom-large:0px;--awb-spacing-left-large:7.5px;--awb-width-medium:100%;--awb-order-medium:0;--awb-flex-grow-medium:0;--awb-flex-shrink-medium:0;--awb-spacing-right-medium:7.5px;--awb-spacing-left-medium:7.5px;--awb-width-small:100%;--awb-order-small:0;--awb-flex-grow-small:0;--awb-flex-shrink-small:0;--awb-spacing-right-small:7.5px;--awb-spacing-left-small:7.5px;\"><div class=\"fusion-column-wrapper fusion-column-has-shadow fusion-flex-justify-content-flex-start fusion-content-layout-column\"><div class=\"fusion-form-field fusion-form-textarea-field fusion-form-label-above\" style=\"\" data-form-id=\"8586\"><textarea cols=\"40\" autocomplete=\"off\"  minlength=\"0\"  rows=\"4\" tabindex=\"\" id=\"Message\" name=\"Message\" class=\"fusion-form-input\" placeholder=\"Message \" data-holds-private-data=\"false\"><\/textarea><\/div><\/div><\/div><div class=\"fusion-layout-column fusion_builder_column fusion-builder-column-8 fusion_builder_column_1_1 1_1 fusion-flex-column\" style=\"--awb-bg-size:cover;--awb-width-large:100%;--awb-flex-grow:0;--awb-flex-shrink:0;--awb-margin-top-large:0px;--awb-spacing-right-large:7.5px;--awb-margin-bottom-large:20px;--awb-spacing-left-large:7.5px;--awb-width-medium:100%;--awb-order-medium:0;--awb-flex-grow-medium:0;--awb-flex-shrink-medium:0;--awb-spacing-right-medium:7.5px;--awb-spacing-left-medium:7.5px;--awb-width-small:100%;--awb-order-small:0;--awb-flex-grow-small:0;--awb-flex-shrink-small:0;--awb-spacing-right-small:7.5px;--awb-spacing-left-small:7.5px;\"><div class=\"fusion-column-wrapper fusion-column-has-shadow fusion-flex-justify-content-flex-start fusion-content-layout-column\"><div class=\"fusion-form-field fusion-form-submit-field fusion-form-label-above appointment-btn\" style=\"\" data-form-id=\"8586\"><div ><button type=\"submit\" class=\"fusion-button button-flat fusion-button-default-size button-custom fusion-button-default button-1 fusion-button-span-yes appointment-btn button-default form-form-submit fusion-has-button-gradient\" style=\"--button_accent_color:#ffffff;--button_accent_hover_color:#ffffff;--button_border_hover_color:var(--awb-color1);--button_border_width-top:0px;--button_border_width-right:0px;--button_border_width-bottom:0px;--button_border_width-left:0px;--button-border-radius-top-left:4px;--button-border-radius-top-right:4px;--button-border-radius-bottom-right:4px;--button-border-radius-bottom-left:4px;--button_gradient_angle:154deg;--button_gradient_top_color:#9eb8e6;--button_gradient_bottom_color:hsla(calc(217 + 5),calc(24% + 5%),45%,100%);--button_gradient_top_color_hover:rgba(26,52,101,1);--button_gradient_bottom_color_hover:hsla(calc(218 + 5),calc(59% + 5%),calc(76% - 10%),100%);--button_text_transform:var(--awb-typography3-text-transform);--button_font_size:20px;--button_line_height:1.7;--button_padding-top:20px;--button_padding-bottom:20px;--button_typography-letter-spacing:0px;--button_typography-font-family:&quot;DM Sans&quot;;--button_typography-font-style:normal;--button_typography-font-weight:400;\" data-form-number=\"8586\" tabindex=\"\"><span class=\"fusion-button-text awb-button__text awb-button__text--default\">Prendre rendez-vous<\/span><\/button><\/div><\/div><\/div><\/div><div class=\"fusion-layout-column fusion_builder_column fusion-builder-column-9 fusion_builder_column_1_1 1_1 fusion-flex-column\" style=\"--awb-bg-size:cover;--awb-width-large:100%;--awb-flex-grow:0;--awb-flex-shrink:0;--awb-margin-top-large:0px;--awb-spacing-right-large:7.5px;--awb-margin-bottom-large:0px;--awb-spacing-left-large:7.5px;--awb-width-medium:100%;--awb-order-medium:0;--awb-flex-grow-medium:0;--awb-flex-shrink-medium:0;--awb-spacing-right-medium:7.5px;--awb-spacing-left-medium:7.5px;--awb-width-small:100%;--awb-order-small:0;--awb-flex-grow-small:0;--awb-flex-shrink-small:0;--awb-spacing-right-small:7.5px;--awb-spacing-left-small:7.5px;\"><div class=\"fusion-column-wrapper fusion-column-has-shadow fusion-flex-justify-content-flex-start fusion-content-layout-column\"><div class=\"form-submission-notices data-notice_1\" id=\"fusion-notices-1\"><div class=\"fusion-alert alert success alert-success fusion-alert-left fusion-form-response fusion-form-response-success awb-alert-native-link-color\" role=\"alert\"><div class=\"fusion-alert-content-wrapper\"><span class=\"alert-icon\"><i class=\"awb-icon-check-circle\" aria-hidden=\"true\"><\/i><\/span><span class=\"fusion-alert-content\">Thank you for your message. It has been sent.<\/span><\/div><\/div><div class=\"fusion-alert alert error alert-danger fusion-alert-left fusion-form-response fusion-form-response-error awb-alert-native-link-color\" role=\"alert\"><div class=\"fusion-alert-content-wrapper\"><span class=\"alert-icon\"><i class=\"awb-icon-exclamation-triangle\" aria-hidden=\"true\"><\/i><\/span><span class=\"fusion-alert-content\">There was an error trying to send your message. Please try again later.<\/span><\/div><\/div><\/div><\/div><\/div><\/div><\/div><input type=\"hidden\" name=\"fusion_privacy_store_ip_ua\" value=\"false\"><input type=\"hidden\" name=\"fusion_privacy_expiration_interval\" value=\"48\"><input type=\"hidden\" name=\"privacy_expiration_action\" value=\"anonymize\"><\/form><\/div><\/div><\/div><\/div><\/div><\/p>\n","protected":false},"excerpt":{"rendered":"","protected":false},"author":1,"featured_media":0,"parent":0,"menu_order":0,"comment_status":"closed","ping_status":"closed","template":"100-width.php","meta":{"footnotes":""},"class_list":["post-8556","page","type-page","status-publish","hentry"],"_links":{"self":[{"href":"https:\/\/montrealrealtyaok.com\/fr\/wp-json\/wp\/v2\/pages\/8556","targetHints":{"allow":["GET"]}}],"collection":[{"href":"https:\/\/montrealrealtyaok.com\/fr\/wp-json\/wp\/v2\/pages"}],"about":[{"href":"https:\/\/montrealrealtyaok.com\/fr\/wp-json\/wp\/v2\/types\/page"}],"author":[{"embeddable":true,"href":"https:\/\/montrealrealtyaok.com\/fr\/wp-json\/wp\/v2\/users\/1"}],"replies":[{"embeddable":true,"href":"https:\/\/montrealrealtyaok.com\/fr\/wp-json\/wp\/v2\/comments?post=8556"}],"version-history":[{"count":3,"href":"https:\/\/montrealrealtyaok.com\/fr\/wp-json\/wp\/v2\/pages\/8556\/revisions"}],"predecessor-version":[{"id":8559,"href":"https:\/\/montrealrealtyaok.com\/fr\/wp-json\/wp\/v2\/pages\/8556\/revisions\/8559"}],"wp:attachment":[{"href":"https:\/\/montrealrealtyaok.com\/fr\/wp-json\/wp\/v2\/media?parent=8556"}],"curies":[{"name":"wp","href":"https:\/\/api.w.org\/{rel}","templated":true}]}}